{"id":12015,"date":"2020-07-06T09:45:24","date_gmt":"2020-07-06T07:45:24","guid":{"rendered":"http:\/\/nima-events-dev-v1.paas.ittravelservices.com\/experiencias-exclusivas\/"},"modified":"2025-01-04T21:13:15","modified_gmt":"2025-01-04T20:13:15","slug":"luxus-serviceleistungen","status":"publish","type":"page","link":"https:\/\/nimaevents.com\/de\/luxus-serviceleistungen\/","title":{"rendered":"LUXUS SERVICELEISTUNGEN"},"content":{"rendered":"<p>[vc_row content_placement=&#8220;middle&#8220; content_text_aligment=&#8220;center&#8220;][vc_column]\n\t\t\t<!-- START SERVICIOS DE LUJO DE REVOLUTION SLIDER 6.7.40 --><p class=\"rs-p-wp-fix\"><\/p>\n\t\t\t<rs-module-wrap id=\"rev_slider_38_1_wrapper\" data-source=\"gallery\" style=\"visibility:hidden;background:transparent;padding:0;\">\n\t\t\t\t<rs-module id=\"rev_slider_38_1\" style=\"\" data-version=\"6.7.40\">\n\t\t\t\t\t<rs-slides style=\"overflow: hidden; position: absolute;\">\n\t\t\t\t\t\t<rs-slide style=\"position: absolute;\" data-key=\"rs-145\" data-title=\"Slide\" data-in=\"o:0;col:400;\">\n\t\t\t\t\t\t\t<img decoding=\"async\" src=\"\/\/nimaevents.com\/wp-content\/plugins\/revslider\/sr6\/assets\/assets\/dummy.png\" alt=\"eventos de lujo\" title=\"experiencias-exclusivas-nima-events\" width=\"1920\" height=\"1080\" class=\"rev-slidebg tp-rs-img rs-lazyload\" data-lazyload=\"\/\/nimaevents.com\/wp-content\/uploads\/2020\/08\/experiencias-exclusivas-nima-events.jpg\" data-bg=\"p:0% 25%;\" data-parallax=\"7\" data-no-retina>\n<!--\n\t\t\t\t\t\t\t--><h1\n\t\t\t\t\t\t\t\tid=\"slider-38-slide-145-layer-2\" \n\t\t\t\t\t\t\t\tclass=\"rs-layer\"\n\t\t\t\t\t\t\t\tdata-type=\"text\"\n\t\t\t\t\t\t\t\tdata-color=\"#fff\"\n\t\t\t\t\t\t\t\tdata-rsp_ch=\"on\"\n\t\t\t\t\t\t\t\tdata-xy=\"x:c;y:m;yo:101px,71px,0,0;\"\n\t\t\t\t\t\t\t\tdata-text=\"w:normal;s:35,21,15,7;l:45,27,20,10;ls:2px,1px,0px,0px;fw:500;a:center;\"\n\t\t\t\t\t\t\t\tdata-dim=\"minh:0px,none,none,none;\"\n\t\t\t\t\t\t\t\tdata-frame_999=\"o:0;st:w;\"\n\t\t\t\t\t\t\t\tstyle=\"z-index:9;font-family:'Raleway';font-style:italic;\"\n\t\t\t\t\t\t\t>Unsch\u00e4tzbare Erlebnisse \n\t\t\t\t\t\t\t<\/h1><!--\n\n\t\t\t\t\t\t\t--><h1\n\t\t\t\t\t\t\t\tid=\"slider-38-slide-145-layer-4\" \n\t\t\t\t\t\t\t\tclass=\"rs-layer\"\n\t\t\t\t\t\t\t\tdata-type=\"text\"\n\t\t\t\t\t\t\t\tdata-color=\"#fff\"\n\t\t\t\t\t\t\t\tdata-rsp_ch=\"on\"\n\t\t\t\t\t\t\t\tdata-xy=\"x:c;y:m;yo:-38px,-23px,-100px,-50px;\"\n\t\t\t\t\t\t\t\tdata-text=\"w:normal;s:60,36,27,13;l:45,27,20,10;ls:2px,1px,0px,0px;fw:800;a:center;\"\n\t\t\t\t\t\t\t\tdata-dim=\"minh:0px,none,none,none;\"\n\t\t\t\t\t\t\t\tdata-frame_999=\"o:0;st:w;\"\n\t\t\t\t\t\t\t\tstyle=\"z-index:9;font-family:'Raleway';\"\n\t\t\t\t\t\t\t>LUXUS SERVICELEISTUNGEN \n\t\t\t\t\t\t\t<\/h1><!--\n\n\t\t\t\t\t\t\t--><rs-layer\n\t\t\t\t\t\t\t\tid=\"slider-38-slide-145-layer-5\" \n\t\t\t\t\t\t\t\tdata-type=\"text\"\n\t\t\t\t\t\t\t\tdata-rsp_ch=\"on\"\n\t\t\t\t\t\t\t\tdata-xy=\"x:c;y:m;yo:20px,29px,-50px,-30px;\"\n\t\t\t\t\t\t\t\tdata-text=\"l:22;a:inherit;\"\n\t\t\t\t\t\t\t\tdata-frame_0=\"y:50px;tp:600;\"\n\t\t\t\t\t\t\t\tdata-frame_1=\"tp:600;e:default;sp:0;\"\n\t\t\t\t\t\t\t\tdata-frame_999=\"y:-50px;o:0;tp:600;e:default;st:w;sp:50;sR:3000;\"\n\t\t\t\t\t\t\t\tstyle=\"z-index:8;font-family:'Open Sans';\"\n\t\t\t\t\t\t\t><div class=\"mkdf-separator-holder clearfix  mkdf-separator-center \">\n\t<div class=\"mkdf-separator\" style=\"border-color: #ffffff;width: 125px;border-bottom-width: 2px\"><\/div>\n<\/div>\n \n\t\t\t\t\t\t\t<\/rs-layer><!--\n-->\t\t\t\t\t<\/rs-slide>\n\t\t\t\t\t<\/rs-slides>\n\t\t\t\t<\/rs-module>\n\t\t\t\t<script>\n\t\t\t\t\tsetREVStartSize({c: 'rev_slider_38_1',rl:[1240,1024,778,480],el:[700,600,820,500],gw:[1300,800,600,300],gh:[700,600,820,500],type:'standard',justify:'',layout:'fullscreen',offsetContainer:'.touch .mkdf-mobile-header',offset:'',mh:\"0\"});if (window.RS_MODULES!==undefined && window.RS_MODULES.modules!==undefined && window.RS_MODULES.modules[\"revslider381\"]!==undefined) {window.RS_MODULES.modules[\"revslider381\"].once = false;window.revapi38 = undefined;if (window.RS_MODULES.checkMinimal!==undefined) window.RS_MODULES.checkMinimal()}\n\t\t\t\t<\/script>\n\t\t\t<\/rs-module-wrap>\n\t\t\t<!-- END REVOLUTION SLIDER -->\n[\/vc_column][\/vc_row][vc_row content_placement=&#8220;middle&#8220; content_text_aligment=&#8220;center&#8220; css=&#8220;.vc_custom_1594019061747{padding-top: 3% !important;padding-bottom: 60px !important;}&#8220;][vc_column][vc_row_inner row_content_width=&#8220;grid&#8220;][vc_column_inner]<div class=\"mkdf-section-title-holder  \" style=\"text-align: center\">\n\t<div class=\"mkdf-st-inner\">\n\t\t\t\t\t\t\t<h2 class=\"mkdf-st-title\" style=\"color: #191919\">\n\t\t\t\tDie premium-formel\t\t\t\t<span class=\"mkdf-st-title-mark\" ><\/span>\n\t\t\t<\/h2>\n\t\t\t\t\t\t\t<div class=\"mkdf-st-separator\" style=\"background-color: #9d8562\"><\/div>\n\t\t\t\t\t\t\t<h5 class=\"mkdf-st-subtitle\" style=\"color: #000000\">\n\t\t\t\tDie anspruchvollsten Urlauber ben\u00f6tigen die exklusivsten Erlebnisse\t\t\t<\/h5>\n\t\t\t\t\t<\/div>\n<\/div>[vc_column_text]Sind Sie auf der Suche nach etwas besonderem, gewagten, ausergew\u00f6hnlichem oder sind Sie einfach aus auf neue Abenteuer? Wenn Sie an Spanien denken, ist das Reisen auf die Balearen ein Luxus an sich. Es ist der beste Ausganspunkt, um einige der exklusivsten und unvergesslichsten <strong>VIP-Erlebnisse<\/strong> wahr werden zu lassen. Nima Events bietet alle Arten von Luxus-Serviceleistungen auf Mallorca, Menorca, Ibiza und <a href=\"https:\/\/nimaevents.com\/de\/formentera-fuer-besondere-events\/\">Formentera<\/a> an.[\/vc_column_text][\/vc_column_inner][\/vc_row_inner][\/vc_column][\/vc_row][vc_row row_content_width=&#8220;grid&#8220;][vc_column][vc_row_inner][vc_column_inner width=&#8220;1\/3&#8243;]<div class=\"mkdf-elements-holder   mkdf-one-column  mkdf-responsive-mode-768 \" ><div class=\"mkdf-eh-item    \"  data-item-class=\"mkdf-eh-custom-1845\" data-768-1024=\"0px 8% 20px 0%\" data-680-768=\"0px 8% 20px 0%\" data-680=\"0px 6% 0px 0%\">\n\t<div class=\"mkdf-eh-item-inner\">\n\t\t<div class=\"mkdf-eh-item-content mkdf-eh-custom-1845\" style=\"padding: 0px 8% 0px 0%\">\n\t\t\t<div class=\"mkdf-animation-holder mkdf-grow-in\" data-animation=\"mkdf-grow-in\" data-animation-delay=\"300\"><div class=\"mkdf-animation-inner\"><div class=\"mkdf-iwt clearfix    mkdf-iwt-icon-left mkdf-iwt-icon-medium\" >\n\t<div class=\"mkdf-iwt-icon\">\n\t\t\t\t\t\t\t\t\t    <span class=\"mkdf-icon-shortcode mkdf-normal   mkdf-icon-medium\"  data-color=\"#9d8562\">\n                    <i class=\"mkdf-icon-linea-icon icon-arrows-clockwise mkdf-icon-element\" style=\"color: #9d8562\" ><\/i>            <\/span>\n\t\t\t\t\t\t<\/div>\n\t<div class=\"mkdf-iwt-content\" style=\"padding-left: 21px\">\n\t\t\t\t\t<h4 class=\"mkdf-iwt-title\" >\n\t\t\t\t\t\t\t\t<span class=\"mkdf-iwt-title-text\">24\/7 Concierge Service<\/span>\n\t\t\t\t\t\t\t<\/h4>\n\t\t\t\t\t\t\t<p class=\"mkdf-iwt-text\" >Wir stehen Ihnen jederzeit mit \u00c1-la carte Serviceleistungen zur Verf\u00fcgung. Geniessen Sie eine sorglose Rundumbetreuung deutschen-Standards. Ihr pers\u00f6nlicher Assistent mit lokaler Inspiration im Bereich Lifestyle Management wird sie begleiten.<\/p>\n\t\t\t<\/div>\n<\/div><\/div><\/div>\t\t<\/div>\n\t<\/div>\n<\/div><\/div>[\/vc_column_inner][vc_column_inner width=&#8220;1\/3&#8243;]<div class=\"mkdf-elements-holder   mkdf-one-column  mkdf-responsive-mode-768 \" ><div class=\"mkdf-eh-item    \"  data-item-class=\"mkdf-eh-custom-7632\" data-768-1024=\"0px 7% 20px 0%\" data-680-768=\"0px 7% 20px 0%\" data-680=\"0px 4% 0px 0%\">\n\t<div class=\"mkdf-eh-item-inner\">\n\t\t<div class=\"mkdf-eh-item-content mkdf-eh-custom-7632\" style=\"padding: 0px 7% 0px 0%\">\n\t\t\t<div class=\"mkdf-animation-holder mkdf-grow-in\" data-animation=\"mkdf-grow-in\" data-animation-delay=\"500\"><div class=\"mkdf-animation-inner\"><div class=\"mkdf-iwt clearfix    mkdf-iwt-icon-left mkdf-iwt-icon-medium\" >\n\t<div class=\"mkdf-iwt-icon\">\n\t\t\t\t\t\t\t\t\t    <span class=\"mkdf-icon-shortcode mkdf-normal   mkdf-icon-medium\"  data-color=\"#9d8562\">\n                    <i class=\"mkdf-icon-linea-icon icon-ecommerce-diamond mkdf-icon-element\" style=\"color: #9d8562\" ><\/i>            <\/span>\n\t\t\t\t\t\t<\/div>\n\t<div class=\"mkdf-iwt-content\" style=\"padding-left: 21px\">\n\t\t\t\t\t<h4 class=\"mkdf-iwt-title\" >\n\t\t\t\t\t\t\t\t<span class=\"mkdf-iwt-title-text\">Spitzenanbieter<\/span>\n\t\t\t\t\t\t\t<\/h4>\n\t\t\t\t\t\t\t<p class=\"mkdf-iwt-text\" >Wir arbeiten nur mit Anbietern der Cr\u00e9me de la Cr\u00e9me, die auf jedes Detail wert legen. So sorgen wir f\u00fcr Perfektion, wenn es darum geht, ein VIP-Erlebnis f\u00fcr Sie zu gestalten.<\/p>\n\t\t\t<\/div>\n<\/div><\/div><\/div>\t\t<\/div>\n\t<\/div>\n<\/div><\/div>[\/vc_column_inner][vc_column_inner width=&#8220;1\/3&#8243;]<div class=\"mkdf-elements-holder   mkdf-one-column  mkdf-responsive-mode-768 \" ><div class=\"mkdf-eh-item    \"  data-item-class=\"mkdf-eh-custom-5917\" data-768-1024=\"0px 8% 20px 0%\" data-680-768=\"0px 8% 20px 0%\" data-680=\"0px 6% 0px 0%\">\n\t<div class=\"mkdf-eh-item-inner\">\n\t\t<div class=\"mkdf-eh-item-content mkdf-eh-custom-5917\" style=\"padding: 0px 8% 0px 0%\">\n\t\t\t<div class=\"mkdf-animation-holder mkdf-grow-in\" data-animation=\"mkdf-grow-in\" data-animation-delay=\"300\"><div class=\"mkdf-animation-inner\"><div class=\"mkdf-iwt clearfix    mkdf-iwt-icon-left mkdf-iwt-icon-medium\" >\n\t<div class=\"mkdf-iwt-icon\">\n\t\t\t\t\t\t\t\t\t    <span class=\"mkdf-icon-shortcode mkdf-normal   mkdf-icon-medium\"  data-color=\"#9d8562\">\n                    <i class=\"mkdf-icon-linea-icon icon-arrows-glide mkdf-icon-element\" style=\"color: #9d8562\" ><\/i>            <\/span>\n\t\t\t\t\t\t<\/div>\n\t<div class=\"mkdf-iwt-content\" style=\"padding-left: 21px\">\n\t\t\t\t\t<h4 class=\"mkdf-iwt-title\" >\n\t\t\t\t\t\t\t\t<span class=\"mkdf-iwt-title-text\">Einzigartige Erlebnisse<\/span>\n\t\t\t\t\t\t\t<\/h4>\n\t\t\t\t\t<\/div>\n<\/div>[vc_column_text css=&#8220;.vc_custom_1620974410121{margin-top: 0px !important;margin-left: 4rem !important;}&#8220;]Wir sind \u00fcberzeugt, dass <a href=\"https:\/\/www.additive.eu\/beitraege\/das-hidden-luxury-phaenomen-wie-sich-das-verstaendnis-fuer-luxusreisen-aendert.html\" target=\"_blank\" rel=\"noopener\">wahrer Luxus<\/a> darauf beruht Sie zu begeistern und eine unvergessliche Geschichte f\u00fcr Sie zu schreiben. Deshalb ist es unser Ziel, einmalige exklusive Erlebnisse wie kein anderes zu bieten. [\/vc_column_text]<\/div><\/div>\t\t<\/div>\n\t<\/div>\n<\/div><\/div>[\/vc_column_inner][\/vc_row_inner][vc_empty_space][\/vc_column][\/vc_row][vc_row css=&#8220;.vc_custom_1592475903002{margin-top: 30px !important;}&#8220;][vc_column]<div class=\"mkdf-elements-holder   mkdf-two-columns  mkdf-responsive-mode-1024 mkdf-one-column-alignment-center\" style=\"background-color: #9d8562\"><div class=\"mkdf-eh-item    \" style=\"background-image: url(https:\/\/nimaevents.com\/wp-content\/uploads\/2020\/08\/experiencias-de-lujo-y-viajes-a-medida.jpg)\" data-item-class=\"mkdf-eh-custom-1393\">\n\t<div class=\"mkdf-eh-item-inner\">\n\t\t<div class=\"mkdf-eh-item-content mkdf-eh-custom-1393\" style=\"padding: 28% 2% 28% 2%\">\n\t\t\t[vc_empty_space height=&#8220;50px&#8220;]\t\t<\/div>\n\t<\/div>\n<\/div><div class=\"mkdf-eh-item    mkdf-element-from-right\" style=\"background-color: #9d8562\" data-item-class=\"mkdf-eh-custom-6148\" data-animation=\"mkdf-element-from-right\">\n\t<div class=\"mkdf-eh-item-inner\">\n\t\t<div class=\"mkdf-eh-item-content mkdf-eh-custom-6148\" style=\"padding: 4% 15% 5% 14%\">\n\t\t\t<div class=\"mkdf-section-title-holder  \" >\n\t<div class=\"mkdf-st-inner\">\n\t\t\t\t\t\t\t<h2 class=\"mkdf-st-title\" style=\"color: #ffffff\">\n\t\t\t\tLuxus und Exklusivit\u00e4t\t\t\t\t<span class=\"mkdf-st-title-mark\" ><\/span>\n\t\t\t<\/h2>\n\t\t\t\t\t\t\t<div class=\"mkdf-st-separator\" style=\"background-color: #ffffff\"><\/div>\n\t\t\t\t\t\t\t<\/div>\n<\/div>[vc_empty_space height=&#8220;50px&#8220;][vc_column_text]<\/p>\n<p style=\"text-align: justify; color: #ffffff;\">Unser Angbot bietet eine Vielzahl von Luxus-Serviceleistungen an, unter anderem Unterk\u00fcnfte in charmanten Hotels, Luxusapartments mit Meerblick, spektakul\u00e4re Mietvillen, High-End Mietwagen, Chauffeurservice, Sicherheitsdienst, sowie Personal Shopper, Personal Trainer, Butler-Service, SPA und VIP Tisch Reservierung. Erg\u00e4nzen Sie Ihren Traumaufenthalt auf der Insel mit einer Luxusyacht, Hubschrauber oder Privatjet.<\/p>\n<p>[\/vc_column_text]\t\t<\/div>\n\t<\/div>\n<\/div><\/div>[\/vc_column][\/vc_row][vc_row content_placement=&#8220;middle&#8220; row_content_width=&#8220;grid&#8220; css=&#8220;.vc_custom_1594020843490{margin-top: 3% !important;padding-bottom: 60px !important;}&#8220;][vc_column]<div class=\"mkdf-elements-holder   mkdf-one-column  mkdf-responsive-mode-768 \" ><div class=\"mkdf-eh-item    \"  data-item-class=\"mkdf-eh-custom-6699\" data-768-1024=\"100px 0% 0px 0%\" data-680-768=\"95px 2% 0px 2%\" data-680=\"100px 0% 0px 0%\">\n\t<div class=\"mkdf-eh-item-inner\">\n\t\t<div class=\"mkdf-eh-item-content mkdf-eh-custom-6699\" style=\"padding: 0px 0% 0px 0%\">\n\t\t\t<div class=\"mkdf-section-title-holder  \" style=\"text-align: center\">\n\t<div class=\"mkdf-st-inner\">\n\t\t\t\t\t\t\t<h2 class=\"mkdf-st-title\" >\n\t\t\t\tWir gestalten Ihre individuelle Reise nach Wunsch\t\t\t\t<span class=\"mkdf-st-title-mark\" ><\/span>\n\t\t\t<\/h2>\n\t\t\t\t\t\t\t<div class=\"mkdf-st-separator\" style=\"background-color: #9d8562\"><\/div>\n\t\t\t\t\t\t\t<h5 class=\"mkdf-st-subtitle\" style=\"color: #000000\">\n\t\t\t\tNichts ist unm\u00f6glich... Sind Sie bereit, das exklusivste Gesicht der Balearen zu entdecken?\t\t\t<\/h5>\n\t\t\t\t\t\t\t<p class=\"mkdf-st-text\" >\n\t\t\t\tWir haben zahllose Exklusive Erlebnisse Sie zu \u00fcberraschen. Stellen Sie sich den Sonnenuntergang mit einem Gin Tonic in der Hand vor, w\u00e4hrend Sie in eine exklusive Bucht segeln, wo ein romantisches Abendessen unter Sternen auf Sie wartet. Oder steuern Sie einen typischen Mehar\u00ed zu einer versteckten Finca, welche als mallorquinisches Juwel bekannt ist, um in Begleitung des Besitzers die Kunstsammlung zu entdecken, gefolgt von einem autentischen Mittagessen und einem Bad im \u201eSafreige\u201c (typisch mallorquinischer Pool). Unsere Welt geh\u00f6rt Ihnen und wir sind bereit Ihnen unsere Geheimnisse zu offenbaren.\t\t\t<\/p>\n\t\t\t<\/div>\n<\/div>\t\t<\/div>\n\t<\/div>\n<\/div><\/div><div class=\"mkdf-elements-holder   mkdf-one-column  mkdf-responsive-mode-768 mkdf-one-column-alignment-center\" ><div class=\"mkdf-eh-item   mkdf-horizontal-alignment-center \"  data-item-class=\"mkdf-eh-custom-8893\" data-1280-1600=\"0px 26% 18px\" data-1024-1280=\"0px 26% 18px\" data-768-1024=\"0px 22% 120px\" data-680-768=\"0px 21% 115px\" data-680=\"0px 13% 125px\">\n\t<div class=\"mkdf-eh-item-inner\">\n\t\t<div class=\"mkdf-eh-item-content mkdf-eh-custom-8893\" style=\"padding: 0px 31% 18px\">\n\t\t\t[vc_empty_space height=&#8220;40px&#8220;]<a itemprop=\"url\" href=\"\/de\/#kontakt\" target=\"_self\" style=\"color: #9d8562;background-color: #ffffff;border-color: #9d8562;font-weight: 400\" class=\"mkdf-btn mkdf-btn-medium mkdf-btn-solid mkdf-btn-custom-hover-bg mkdf-btn-custom-border-hover mkdf-btn-custom-hover-color\" data-hover-color=\"#ffffff\" data-hover-bg-color=\"#9d8562\" data-hover-border-color=\"#9d8562\" >\n    \t<span class=\"mkdf-btn-text\">LASSEN SIE IHRE TR\u00c4UME WAHR WERDEN<\/span>\n\t        \t<\/a>\t\t<\/div>\n\t<\/div>\n<\/div><\/div>[\/vc_column][\/vc_row][vc_row content_placement=&#8220;middle&#8220; content_text_aligment=&#8220;center&#8220; css=&#8220;.vc_custom_1596540038061{padding-top: 130px !important;padding-bottom: 130px !important;background-position: center !important;background-repeat: no-repeat !important;background-size: cover !important;}&#8220; parallax_background_image=&#8220;11781&#8243;][vc_column]<div class=\"mkdf-section-title-holder  \" style=\"text-align: center\">\n\t<div class=\"mkdf-st-inner\">\n\t\t\t\t\t\t\t<h2 class=\"mkdf-st-title\" style=\"color: #ffffff\">\n\t\t\t\tDer Geschmack des Luxus\t\t\t\t<span class=\"mkdf-st-title-mark\" ><\/span>\n\t\t\t<\/h2>\n\t\t\t\t\t\t\t<div class=\"mkdf-st-separator\" style=\"background-color: #ffffff\"><\/div>\n\t\t\t\t\t\t\t<\/div>\n<\/div>[vc_column_text css=&#8220;.vc_custom_1607934277312{padding-right: 20% !important;padding-left: 20% !important;}&#8220;]<\/p>\n<p style=\"text-align: center; color: #ffffff;\">Der Schl\u00fcssel zu jedem Exklusive Erlebnisse besteht daraus alle f\u00fcnf Sinne zu wecken und die Gastronomie erreicht das auf jeden Fall. Auf den Balearen haben wir unz\u00e4hlige Restaurants mit internationalem Prestige und mehreren Michelin-Sternen, aber auch geheime Gourmetlokale die Sie mit unseren Insider-Tips erkunden k\u00f6nnen. Wenn Sie es andererseits vorziehen, die lokale Gastronomie in Ihren privaten R\u00e4umlichkeiten zu geniessen, werden wir Sie mit einem privaten Koch oder einem High-End-Catering-Service in Ihrer Privatvilla oder Megayacht \u00fcberraschen.<\/p>\n<p>[\/vc_column_text][\/vc_column][\/vc_row][vc_row css=&#8220;.vc_custom_1585214569937{padding-top: 3% !important;background-color: #efefef !important;}&#8220;][vc_column]<div class=\"mkdf-section-title-holder  \" style=\"text-align: center\">\n\t<div class=\"mkdf-st-inner\">\n\t\t\t\t\t<h6 class=\"mkdf-st-tagline\" >\n\t\t\t\tWelches Ereignis m\u00f6chten Sie erleben?\t\t\t<\/h6>\n\t\t\t\t\t\t\t<h2 class=\"mkdf-st-title\" >\n\t\t\t\tHolen Sie sich Ideen\t\t\t\t<span class=\"mkdf-st-title-mark\" ><\/span>\n\t\t\t<\/h2>\n\t\t\t\t\t\t\t<div class=\"mkdf-st-separator\" style=\"background-color: #9d8562\"><\/div>\n\t\t\t\t\t\t\t<\/div>\n<\/div>[vc_empty_space height=&#8220;70px&#8220;]<div class=\"mkdf-elements-holder   mkdf-one-column  mkdf-responsive-mode-768 \" ><div class=\"mkdf-eh-item    \"  data-item-class=\"mkdf-eh-custom-5711\">\n\t<div class=\"mkdf-eh-item-inner\">\n\t\t<div class=\"mkdf-eh-item-content mkdf-eh-custom-5711\" style=\"padding: 0px 10%\">\n\t\t\t<div class=\"mkdf-blog-list-holder mkdf-bl-masonry mkdf-bl-three-columns mkdf-bl-normal-space mkdf-bl-light mkdf-bl-pag-no-pagination \"  data-type=masonry data-number-of-posts=6 data-number-of-columns=3 data-space-between-columns=normal data-category=servicios-de-lujo data-order-by=date data-order=DESC data-image-size=full data-content-bg=light data-title-tag=h4 data-excerpt-length=40 data-post-info-section=yes data-post-info-image=yes data-post-info-author=no data-post-info-date=yes data-post-info-category=no data-post-info-comments=no data-post-info-share=no data-disable-shadow=no data-pagination-type=no-pagination data-max-num-pages=0 data-next-page=2>\n\t<div class=\"mkdf-bl-wrapper\">\n\t\t<ul class=\"mkdf-blog-list\">\n\t\t\t<li class=\"mkdf-bl-grid-sizer\"><\/li>\n\t\t\t<li class=\"mkdf-bl-grid-gutter\"><\/li>\n\t\t\t<p class=\"mkdf-blog-no-posts\">Sorry, no posts matched your criteria.<\/p>\t\t<\/ul>\n\t<\/div>\n\t<\/div>\t\t<\/div>\n\t<\/div>\n<\/div><\/div>[\/vc_column][\/vc_row]<\/p>\n","protected":false},"excerpt":{"rendered":"<p>[vc_row content_placement=&#8220;middle&#8220; content_text_aligment=&#8220;center&#8220;][vc_column][\/vc_column][\/vc_row][vc_row content_placement=&#8220;middle&#8220; content_text_aligment=&#8220;center&#8220; css=&#8220;.vc_custom_1594019061747{padding-top: 3% !important;padding-bottom: 60px !important;}&#8220;][vc_column][vc_row_inner row_content_width=&#8220;grid&#8220;][vc_column_inner][vc_column_text]Sind Sie auf der Suche nach etwas besonderem, gewagten, ausergew\u00f6hnlichem oder sind Sie einfach aus auf neue Abenteuer? Wenn Sie an Spanien denken, ist das Reisen auf die Balearen ein [&hellip;]<\/p>\n","protected":false},"author":1,"featured_media":0,"parent":0,"menu_order":0,"comment_status":"closed","ping_status":"closed","template":"full-width.php","meta":{"footnotes":""},"class_list":["post-12015","page","type-page","status-publish","hentry"],"yoast_head":"<!-- This site is optimized with the Yoast SEO plugin v26.7 - https:\/\/yoast.com\/wordpress\/plugins\/seo\/ -->\n<title>Exklusive Erlebnisse und Luxusservice \u2013 NIMA EVENTS<\/title>\n<meta name=\"description\" content=\"Wir sind Spezialisten f\u00fcr exklusive Erlebnisse, Luxusservices und ma\u00dfgeschneiderte Reisen f\u00fcr VIP-Reisende auf den Balearen.\" \/>\n<meta name=\"robots\" content=\"index, follow, max-snippet:-1, max-image-preview:large, max-video-preview:-1\" \/>\n<link rel=\"canonical\" href=\"https:\/\/nimaevents.com\/de\/luxus-serviceleistungen\/\" \/>\n<meta property=\"og:locale\" content=\"de_DE\" \/>\n<meta property=\"og:type\" content=\"article\" \/>\n<meta property=\"og:title\" content=\"Exklusive Erlebnisse und Luxusservice \u2013 NIMA EVENTS\" \/>\n<meta property=\"og:description\" content=\"Wir sind Spezialisten f\u00fcr exklusive Erlebnisse, Luxusservices und ma\u00dfgeschneiderte Reisen f\u00fcr VIP-Reisende auf den Balearen.\" \/>\n<meta property=\"og:url\" content=\"https:\/\/nimaevents.com\/de\/luxus-serviceleistungen\/\" \/>\n<meta property=\"og:site_name\" content=\"Nima Events\" \/>\n<meta property=\"article:modified_time\" content=\"2025-01-04T20:13:15+00:00\" \/>\n<meta name=\"twitter:card\" content=\"summary_large_image\" \/>\n<meta name=\"twitter:label1\" content=\"Gesch\u00e4tzte Lesezeit\" \/>\n\t<meta name=\"twitter:data1\" content=\"4\u00a0Minuten\" \/>\n<script type=\"application\/ld+json\" class=\"yoast-schema-graph\">{\"@context\":\"https:\/\/schema.org\",\"@graph\":[{\"@type\":\"WebPage\",\"@id\":\"https:\/\/nimaevents.com\/de\/luxus-serviceleistungen\/\",\"url\":\"https:\/\/nimaevents.com\/de\/luxus-serviceleistungen\/\",\"name\":\"Exklusive Erlebnisse und Luxusservice \u2013 NIMA EVENTS\",\"isPartOf\":{\"@id\":\"https:\/\/nimaevents.com\/#website\"},\"datePublished\":\"2020-07-06T07:45:24+00:00\",\"dateModified\":\"2025-01-04T20:13:15+00:00\",\"description\":\"Wir sind Spezialisten f\u00fcr exklusive Erlebnisse, Luxusservices und ma\u00dfgeschneiderte Reisen f\u00fcr VIP-Reisende auf den Balearen.\",\"breadcrumb\":{\"@id\":\"https:\/\/nimaevents.com\/de\/luxus-serviceleistungen\/#breadcrumb\"},\"inLanguage\":\"de\",\"potentialAction\":[{\"@type\":\"ReadAction\",\"target\":[\"https:\/\/nimaevents.com\/de\/luxus-serviceleistungen\/\"]}]},{\"@type\":\"BreadcrumbList\",\"@id\":\"https:\/\/nimaevents.com\/de\/luxus-serviceleistungen\/#breadcrumb\",\"itemListElement\":[{\"@type\":\"ListItem\",\"position\":1,\"name\":\"Portada\",\"item\":\"https:\/\/nimaevents.com\/de\/\"},{\"@type\":\"ListItem\",\"position\":2,\"name\":\"LUXUS SERVICELEISTUNGEN\"}]},{\"@type\":\"WebSite\",\"@id\":\"https:\/\/nimaevents.com\/#website\",\"url\":\"https:\/\/nimaevents.com\/\",\"name\":\"Nima Events\",\"description\":\"Otro sitio realizado con WordPress\",\"potentialAction\":[{\"@type\":\"SearchAction\",\"target\":{\"@type\":\"EntryPoint\",\"urlTemplate\":\"https:\/\/nimaevents.com\/?s={search_term_string}\"},\"query-input\":{\"@type\":\"PropertyValueSpecification\",\"valueRequired\":true,\"valueName\":\"search_term_string\"}}],\"inLanguage\":\"de\"}]}<\/script>\n<!-- \/ Yoast SEO plugin. -->","yoast_head_json":{"title":"Exklusive Erlebnisse und Luxusservice \u2013 NIMA EVENTS","description":"Wir sind Spezialisten f\u00fcr exklusive Erlebnisse, Luxusservices und ma\u00dfgeschneiderte Reisen f\u00fcr VIP-Reisende auf den Balearen.","robots":{"index":"index","follow":"follow","max-snippet":"max-snippet:-1","max-image-preview":"max-image-preview:large","max-video-preview":"max-video-preview:-1"},"canonical":"https:\/\/nimaevents.com\/de\/luxus-serviceleistungen\/","og_locale":"de_DE","og_type":"article","og_title":"Exklusive Erlebnisse und Luxusservice \u2013 NIMA EVENTS","og_description":"Wir sind Spezialisten f\u00fcr exklusive Erlebnisse, Luxusservices und ma\u00dfgeschneiderte Reisen f\u00fcr VIP-Reisende auf den Balearen.","og_url":"https:\/\/nimaevents.com\/de\/luxus-serviceleistungen\/","og_site_name":"Nima Events","article_modified_time":"2025-01-04T20:13:15+00:00","twitter_card":"summary_large_image","twitter_misc":{"Gesch\u00e4tzte Lesezeit":"4\u00a0Minuten"},"schema":{"@context":"https:\/\/schema.org","@graph":[{"@type":"WebPage","@id":"https:\/\/nimaevents.com\/de\/luxus-serviceleistungen\/","url":"https:\/\/nimaevents.com\/de\/luxus-serviceleistungen\/","name":"Exklusive Erlebnisse und Luxusservice \u2013 NIMA EVENTS","isPartOf":{"@id":"https:\/\/nimaevents.com\/#website"},"datePublished":"2020-07-06T07:45:24+00:00","dateModified":"2025-01-04T20:13:15+00:00","description":"Wir sind Spezialisten f\u00fcr exklusive Erlebnisse, Luxusservices und ma\u00dfgeschneiderte Reisen f\u00fcr VIP-Reisende auf den Balearen.","breadcrumb":{"@id":"https:\/\/nimaevents.com\/de\/luxus-serviceleistungen\/#breadcrumb"},"inLanguage":"de","potentialAction":[{"@type":"ReadAction","target":["https:\/\/nimaevents.com\/de\/luxus-serviceleistungen\/"]}]},{"@type":"BreadcrumbList","@id":"https:\/\/nimaevents.com\/de\/luxus-serviceleistungen\/#breadcrumb","itemListElement":[{"@type":"ListItem","position":1,"name":"Portada","item":"https:\/\/nimaevents.com\/de\/"},{"@type":"ListItem","position":2,"name":"LUXUS SERVICELEISTUNGEN"}]},{"@type":"WebSite","@id":"https:\/\/nimaevents.com\/#website","url":"https:\/\/nimaevents.com\/","name":"Nima Events","description":"Otro sitio realizado con WordPress","potentialAction":[{"@type":"SearchAction","target":{"@type":"EntryPoint","urlTemplate":"https:\/\/nimaevents.com\/?s={search_term_string}"},"query-input":{"@type":"PropertyValueSpecification","valueRequired":true,"valueName":"search_term_string"}}],"inLanguage":"de"}]}},"_links":{"self":[{"href":"https:\/\/nimaevents.com\/de\/wp-json\/wp\/v2\/pages\/12015","targetHints":{"allow":["GET"]}}],"collection":[{"href":"https:\/\/nimaevents.com\/de\/wp-json\/wp\/v2\/pages"}],"about":[{"href":"https:\/\/nimaevents.com\/de\/wp-json\/wp\/v2\/types\/page"}],"author":[{"embeddable":true,"href":"https:\/\/nimaevents.com\/de\/wp-json\/wp\/v2\/users\/1"}],"replies":[{"embeddable":true,"href":"https:\/\/nimaevents.com\/de\/wp-json\/wp\/v2\/comments?post=12015"}],"version-history":[{"count":9,"href":"https:\/\/nimaevents.com\/de\/wp-json\/wp\/v2\/pages\/12015\/revisions"}],"predecessor-version":[{"id":13054,"href":"https:\/\/nimaevents.com\/de\/wp-json\/wp\/v2\/pages\/12015\/revisions\/13054"}],"wp:attachment":[{"href":"https:\/\/nimaevents.com\/de\/wp-json\/wp\/v2\/media?parent=12015"}],"curies":[{"name":"wp","href":"https:\/\/api.w.org\/{rel}","templated":true}]}}